{"id":2090,"date":"2026-04-29T21:15:20","date_gmt":"2026-04-29T19:15:20","guid":{"rendered":"https:\/\/senioren-orchester.ch\/?page_id=2090"},"modified":"2026-04-29T21:15:20","modified_gmt":"2026-04-29T19:15:20","slug":"orchestermitglieder","status":"publish","type":"page","link":"https:\/\/senioren-orchester.ch\/?page_id=2090","title":{"rendered":"Orchestermitglieder"},"content":{"rendered":"\n<p><strong>Violine:<\/strong><\/p>\n\n\n\n<p>Mengia Largiad\u00e8r (Konzertmeisterin), Rosemarie Balzer,&nbsp;Ruth Belz,&nbsp;Luzia D\u00fcring,&nbsp;Urs Germann,&nbsp;Myrta Hugentobler,&nbsp;Karl Jung, Monika K\u00e4ufeler,&nbsp;Elisabeth Knobel,&nbsp;Marie-Louise Lehner,&nbsp;Rita Streule,&nbsp;Doris Sutter,&nbsp;Felicitas W\u00fcrth,<\/p>\n\n\n\n<p><strong>Viola:<\/strong><br>Dorothee Hilty, Christine Lenggenhager, Luzia Schmid<\/p>\n\n\n\n<p><strong>Violoncello:<br><\/strong>Maja Bergmann, Dorothee Gm\u00fcnder, Elsbeth Meierhans,&nbsp;Regula Ursprung<\/p>\n\n\n\n<p><strong>Bass:<br><\/strong>Lina Baumann, Hansi Britschgi, Walter Zeindler<\/p>\n\n\n\n<p><strong>Fl\u00f6te:<br><\/strong>Angelica Sauter, Bruno Sp\u00e4ti, Vreni Thierstein<\/p>\n\n\n\n<p><strong>Oboe:<br><\/strong>Reinhard Klamet<br><strong><br>Klarinette:<br><\/strong>Hans Koch, Andreas Walser<\/p>\n\n\n\n<p><strong>Fagott:<br><\/strong>Niklaus Wick<\/p>\n\n\n\n<p><strong>Trompete:<br><\/strong>Hans Ochsner, Markus Schai<\/p>\n\n\n\n<p><strong>Horn:<br><\/strong>Martin Meier, Wilfrid Schmid<\/p>\n\n\n\n<p><strong>Klavier\/Orgel:<br><\/strong>Urs Germann<\/p>\n","protected":false},"excerpt":{"rendered":"<p>Violine: Mengia Largiad\u00e8r (Konzertmeisterin), Rosemarie Balzer,&nbsp;Ruth Belz,&nbsp;Luzia D\u00fcring,&nbsp;Urs Germann,&nbsp;Myrta Hugentobler,&nbsp;Karl Jung, Monika K\u00e4ufeler,&nbsp;Elisabeth Knobel,&nbsp;Marie-Louise Lehner,&nbsp;Rita Streule,&nbsp;Doris Sutter,&nbsp;Felicitas W\u00fcrth, Viola:Dorothee Hilty, Christine Lenggenhager, Luzia Schmid Violoncello:Maja Bergmann, Dorothee Gm\u00fcnder, Elsbeth Meierhans,&nbsp;Regula Ursprung Bass:Lina Baumann, Hansi Britschgi, Walter Zeindler Fl\u00f6te:Angelica Sauter, Bruno Sp\u00e4ti, Vreni Thierstein Oboe:Reinhard KlametKlarinette:Hans Koch, Andreas Walser Fagott:Niklaus Wick Trompete:Hans Ochsner, Markus Schai Horn:Martin [&hellip;]<\/p>\n","protected":false},"author":1,"featured_media":0,"parent":27,"menu_order":2,"comment_status":"closed","ping_status":"closed","template":"","meta":{"footnotes":""},"class_list":["post-2090","page","type-page","status-publish","hentry"],"_links":{"self":[{"href":"https:\/\/senioren-orchester.ch\/index.php?rest_route=\/wp\/v2\/pages\/2090","targetHints":{"allow":["GET"]}}],"collection":[{"href":"https:\/\/senioren-orchester.ch\/index.php?rest_route=\/wp\/v2\/pages"}],"about":[{"href":"https:\/\/senioren-orchester.ch\/index.php?rest_route=\/wp\/v2\/types\/page"}],"author":[{"embeddable":true,"href":"https:\/\/senioren-orchester.ch\/index.php?rest_route=\/wp\/v2\/users\/1"}],"replies":[{"embeddable":true,"href":"https:\/\/senioren-orchester.ch\/index.php?rest_route=%2Fwp%2Fv2%2Fcomments&post=2090"}],"version-history":[{"count":2,"href":"https:\/\/senioren-orchester.ch\/index.php?rest_route=\/wp\/v2\/pages\/2090\/revisions"}],"predecessor-version":[{"id":2092,"href":"https:\/\/senioren-orchester.ch\/index.php?rest_route=\/wp\/v2\/pages\/2090\/revisions\/2092"}],"up":[{"embeddable":true,"href":"https:\/\/senioren-orchester.ch\/index.php?rest_route=\/wp\/v2\/pages\/27"}],"wp:attachment":[{"href":"https:\/\/senioren-orchester.ch\/index.php?rest_route=%2Fwp%2Fv2%2Fmedia&parent=2090"}],"curies":[{"name":"wp","href":"https:\/\/api.w.org\/{rel}","templated":true}]}}