{"id":5,"date":"2016-03-08T13:36:53","date_gmt":"2016-03-08T13:36:53","guid":{"rendered":"http:\/\/senioren-orchester.ch\/?page_id=5"},"modified":"2026-04-15T18:27:12","modified_gmt":"2026-04-15T16:27:12","slug":"startseite","status":"publish","type":"page","link":"https:\/\/senioren-orchester.ch\/","title":{"rendered":"Die Liebe zur Musik"},"content":{"rendered":"<blockquote>\n<h2 style=\"text-align: center;\"><span style=\"font-size: 16pt;\"><strong><span style=\"font-family: helvetica, arial, sans-serif;\"><em>Spezielles Konzert in Kradolf<\/em><\/span><\/strong><\/span><br \/>\n<span style=\"font-size: 16pt;\"><strong><span style=\"font-family: helvetica, arial, sans-serif;\"><em>am Freitag, 24. April 2026<\/em><\/span><\/strong><\/span><\/h2>\n<\/blockquote>\n<p style=\"text-align: left; padding-left: 30px;\"><span style=\"font-family: helvetica, arial, sans-serif;\">Ein aussergew\u00f6hnliches Konzert steht uns bevor. \u00a0Die Einladung durch den Kulturverein Steinacker, Kradolf, ist f\u00fcr uns gewissermassen \u00abNeuland\u00bb. \u00a0Gewohnt, jeweils am Nachmittag bei Seniorenveranstaltungen oder in Alterszentren zu konzertieren, d\u00fcrfen wir unser aktuelles Programm am Freitagabend \u00a0im Kirchenzentrum Steinacker pr\u00e4sentieren. Wir f\u00fchren Sie musikalisch durch einen Tagesablauf unter dem Motto: \u00ab&#8217;S Seniorenorchester w\u00fcnscht en sch\u00f6ne Tag&#8230;\u00bb. Musik vom ersten Weckerklingeln bis zur Abendlekt\u00fcre im Bett.<\/span><\/p>\n<p style=\"padding-left: 30px;\"><span style=\"font-family: helvetica, arial, sans-serif;\"><em>\u2192 20.00 Uhr, Kirchenzentrum Steinacker, Neueckstrasse 11, 9214 Kradolf<\/em><\/span><\/p>\n<p style=\"padding-left: 30px;\"><span style=\"font-family: helvetica, arial, sans-serif;\"><a href=\"https:\/\/senioren-orchester.ch\/wp-content\/uploads\/2026\/03\/Kradolf-Flyer.jpg\">Kradolf-Flyer<\/a><br \/>\n<span style=\"font-size: 10pt;\"><a href=\"https:\/\/www.kulturvereinsteinacker.ch\/\">https:\/\/www.kulturvereinsteinacker.ch\/<\/a><\/span><br \/>\n<\/span><\/p>\n<blockquote>\n<hr \/>\n<p style=\"text-align: center;\"><span style=\"font-family: helvetica, arial, sans-serif;\"><strong>Man h\u00f6rt nicht auf Musik zu machen, weil man \u00e4lter wird, sondern man wird \u00e4lter, wenn man aufh\u00f6rt Musik zu machen!<\/strong><\/span><\/p>\n<\/blockquote>\n<p style=\"padding-left: 30px;\"><span style=\"font-family: helvetica, arial, sans-serif;\">Das Senioren Orchester St. Gallen wurde 1984 von pensionierten Orchestermusikerinnen und -musikern gegr\u00fcndet. Seniorinnen und Senioren musizieren in kleiner Sinfonieorchester-Besetzung. Unter der professionellen Leitung von Leo Gschwend pflegen wir ein sehr vielseitiges Repertoire. Musik, die uns und unserem Publikum gef\u00e4llt. Von leichter Klassik \u00fcber Wienermusik\u00a0und popul\u00e4re\u00a0Kl\u00e4nge bis zu Filmmusik und modernen Rhythmen.<\/span><\/p>\n<p style=\"padding-left: 30px;\"><span style=\"font-family: helvetica, arial, sans-serif;\"><span class=\"s1\">Unsere Konzertauftritte:\u00a0<\/span>Seniorenveranstaltungen, Pfarreianl\u00e4sse, Gottesdienste, Alters- und Pflegezentren, Seniorenresidenzen, Spit\u00e4ler, Jubil\u00e4en, Firmenanl\u00e4sse, etc.<\/span><br \/>\n<span style=\"font-family: helvetica, arial, sans-serif;\"><strong>\u2013&gt; <a href=\"https:\/\/senioren-orchester.ch\/?page_id=12\">Konzertdaten<\/a><\/strong><\/span><\/p>\n<p>&nbsp;<\/p>\n","protected":false},"excerpt":{"rendered":"<p>Spezielles Konzert in Kradolf am Freitag, 24. April 2026 Ein aussergew\u00f6hnliches Konzert steht uns bevor. \u00a0Die Einladung durch den Kulturverein Steinacker, Kradolf, ist f\u00fcr uns gewissermassen \u00abNeuland\u00bb. \u00a0Gewohnt, jeweils am Nachmittag bei Seniorenveranstaltungen oder in Alterszentren zu konzertieren, d\u00fcrfen wir unser aktuelles Programm am Freitagabend \u00a0im Kirchenzentrum Steinacker pr\u00e4sentieren. Wir f\u00fchren Sie musikalisch durch einen [&hellip;]<\/p>\n","protected":false},"author":1,"featured_media":0,"parent":0,"menu_order":1,"comment_status":"closed","ping_status":"closed","template":"","meta":{"footnotes":""},"class_list":["post-5","page","type-page","status-publish","hentry"],"_links":{"self":[{"href":"https:\/\/senioren-orchester.ch\/index.php?rest_route=\/wp\/v2\/pages\/5","targetHints":{"allow":["GET"]}}],"collection":[{"href":"https:\/\/senioren-orchester.ch\/index.php?rest_route=\/wp\/v2\/pages"}],"about":[{"href":"https:\/\/senioren-orchester.ch\/index.php?rest_route=\/wp\/v2\/types\/page"}],"author":[{"embeddable":true,"href":"https:\/\/senioren-orchester.ch\/index.php?rest_route=\/wp\/v2\/users\/1"}],"replies":[{"embeddable":true,"href":"https:\/\/senioren-orchester.ch\/index.php?rest_route=%2Fwp%2Fv2%2Fcomments&post=5"}],"version-history":[{"count":50,"href":"https:\/\/senioren-orchester.ch\/index.php?rest_route=\/wp\/v2\/pages\/5\/revisions"}],"predecessor-version":[{"id":1782,"href":"https:\/\/senioren-orchester.ch\/index.php?rest_route=\/wp\/v2\/pages\/5\/revisions\/1782"}],"wp:attachment":[{"href":"https:\/\/senioren-orchester.ch\/index.php?rest_route=%2Fwp%2Fv2%2Fmedia&parent=5"}],"curies":[{"name":"wp","href":"https:\/\/api.w.org\/{rel}","templated":true}]}}